{"id":123,"date":"2026-01-21T05:36:12","date_gmt":"2026-01-21T05:36:12","guid":{"rendered":"https:\/\/demomedyaajansi.com.tr\/metaconcept\/?page_id=123"},"modified":"2026-04-02T10:45:42","modified_gmt":"2026-04-02T10:45:42","slug":"iletisim","status":"publish","type":"page","link":"https:\/\/demomedyaajansi.com.tr\/metaconcept\/iletisim\/","title":{"rendered":"\u0130leti\u015fim"},"content":{"rendered":"\t\t<div data-elementor-type=\"wp-page\" data-elementor-id=\"123\" class=\"elementor elementor-123\">\n\t\t\t\t<div class=\"elementor-element elementor-element-7cfafc5 e-con-full e-flex e-con e-parent\" data-id=\"7cfafc5\" data-element_type=\"container\" data-e-type=\"container\">\n\t\t<div class=\"elementor-element elementor-element-1740831b e-con-full e-flex e-con e-child\" data-id=\"1740831b\" data-element_type=\"container\" data-e-type=\"container\" data-settings=\"{&quot;background_background&quot;:&quot;classic&quot;}\">\n\t\t\t\t<div class=\"elementor-element elementor-element-449c060 elementor-widget elementor-widget-heading\" data-id=\"449c060\" data-element_type=\"widget\" data-e-type=\"widget\" data-widget_type=\"heading.default\">\n\t\t\t\t\t<h2 class=\"elementor-heading-title elementor-size-default\">\u0130leti\u015fim<\/h2>\t\t\t\t<\/div>\n\t\t\t\t<div class=\"elementor-element elementor-element-20d7f227 elementor-widget elementor-widget-hfe-breadcrumbs-widget\" data-id=\"20d7f227\" data-element_type=\"widget\" data-e-type=\"widget\" data-widget_type=\"hfe-breadcrumbs-widget.default\">\n\t\t\t\t<div class=\"elementor-widget-container\">\n\t\t\t\t\t<nav aria-label=\"Breadcrumb\"><ul class=\"hfe-breadcrumbs hfe-breadcrumbs-show-home\"><li class=\"hfe-breadcrumbs-item hfe-breadcrumbs-first\"><span class=\"hfe-breadcrumbs-home-icon\"><\/span><a href=\"https:\/\/demomedyaajansi.com.tr\/metaconcept\"><span class=\"hfe-breadcrumbs-text\">Anasayfa<\/span><\/a><\/li><\/ul><\/nav>\t\t\t\t<\/div>\n\t\t\t\t<\/div>\n\t\t\t\t<\/div>\n\t\t\t\t<\/div>\n\t\t<div class=\"elementor-element elementor-element-517b86fc e-flex e-con-boxed e-con e-parent\" data-id=\"517b86fc\" data-element_type=\"container\" data-e-type=\"container\">\n\t\t\t\t\t<div class=\"e-con-inner\">\n\t\t<div class=\"elementor-element elementor-element-4edfeaa3 e-con-full e-flex e-con e-child\" data-id=\"4edfeaa3\" data-element_type=\"container\" data-e-type=\"container\">\n\t\t<div class=\"elementor-element elementor-element-31099d3e e-con-full e-flex e-con e-child\" data-id=\"31099d3e\" data-element_type=\"container\" data-e-type=\"container\">\n\t\t\t\t<div class=\"elementor-element elementor-element-49ca8860 elementor-widget elementor-widget-heading\" data-id=\"49ca8860\" data-element_type=\"widget\" data-e-type=\"widget\" data-widget_type=\"heading.default\">\n\t\t\t\t\t<h2 class=\"elementor-heading-title elementor-size-default\">\u0130leti\u015fime ge\u00e7<\/h2>\t\t\t\t<\/div>\n\t\t\t\t<div class=\"elementor-element elementor-element-6af27ffa text-left text--tabletcenter text--mobilecenter elementor-widget elementor-widget-tp-heading-title\" data-id=\"6af27ffa\" data-element_type=\"widget\" data-e-type=\"widget\" data-widget_type=\"tp-heading-title.default\">\n\t\t\t\t\t<div class=\"heading heading_style heading_style69e9f1eb1ff5d style-1 \"  data-tp-gsap-heading-text=\"\" data-tp-gsap-sub-heading-text=\"\"><div class=\"sub-style\" ><div class=\"head-title \" > <h2  class=\"heading-title   \"  data-hover=\"Sizin i\u00e7in buraday\u0131z.\">Sizin i\u00e7in buraday\u0131z.<span class=\"title-s \">  <\/span><\/h2><\/div><\/div><\/div>\t\t\t\t<\/div>\n\t\t\t\t<\/div>\n\t\t<div class=\"elementor-element elementor-element-375b26b0 e-con-full e-flex e-con e-child\" data-id=\"375b26b0\" data-element_type=\"container\" data-e-type=\"container\">\n\t\t\t\t<div class=\"elementor-element elementor-element-8a0e85 elementor-hidden-mobile elementor-widget elementor-widget-tp-plus-form\" data-id=\"8a0e85\" data-element_type=\"widget\" data-e-type=\"widget\" data-widget_type=\"tp-plus-form.default\">\n\t\t\t\t\t<div class=\"tpae-form-container\" data-formdata=\"{&quot;form_id&quot;:&quot;tpae-form-main&quot;,&quot;Required_mask&quot;:&quot;show-asterisks&quot;,&quot;invalid_form&quot;:&quot;Invalid form! Please check it again.&quot;,&quot;required_fields&quot;:&quot;This field is required.&quot;,&quot;form_error&quot;:&quot;There was an error in submitting the form.&quot;,&quot;success_message&quot;:&quot;Form Submitted Successfully&quot;,&quot;server_error&quot;:&quot;A server error occurred.&quot;}\" data-emaildata=\"&quot;NhjZands2dYfdYnk6qBd0vb6ZnXeBdJU6o6wMVKi--CJcRsGgHY5mHQxvx6yeX-fz5WkByIyFCjMmRyVS88hhzkRLlE38awOq-BvxUhl9gBFtkvM2NVuxcB_s4x5Ldgc8T-rgXRyhS2k2i5P6qU_ZY0uXyCNwpZ53DCdsd5Y_jHLe8HL9_yc81EwxnY_OtuZl8oanRCVsoR1EyD5jdQ_eQzdMcVblXzrubAhQVeH2bvPRx8RYWICBLvs3Di2UYdN_Qj0V_21oYtrEIc5VkI9A2qUua1J_UsBy3JGyc8P1l95UKwxL_nczfKb-ZDs0iTMQhZlep72z6Xw70fWh9rSpGL_BLok4m6aKQ0y5oyJyd7dVQTulZE&quot;\" ><style> .elementor-element-8a0e85 .tpae-form-submit-container{ width:100%!important } <\/style><form id=\"tpae-form-main\" class=\"tpae-form\" method=\"post\"><div class=\"tpae-form-field\" data-width=\"\" data-tablet-width=\"\" data-mobile-width=\"\"> <label for=\"form_fields[first_name]\" class=\"tpae-form-label\">Ad\u0131n\u0131z<\/label><input type=\"text\" name=\"first_name\" id=\"first_name\" placeholder=\"\u0130sim Soyisim..\"  class=\"medium\" value=\"\" aria-description=\"\"\/><span class=\"tpae-help-text\"><\/span><\/div><div class=\"tpae-form-field\" data-width=\"\" data-tablet-width=\"\" data-mobile-width=\"\"> <label for=\"form_fields[email]\" class=\"tpae-form-label\">E-Posta <span class=\"tpae-required-asterisk\">*<\/span><\/label><input type=\"email\" name=\"email\" id=\"email\" placeholder=\"birisi@example.com\" required class=\"medium\" value=\"\" aria-description=\"\"\/><span class=\"tpae-help-text\"><\/span><\/div><div class=\"tpae-form-field\" data-width=\"\" data-tablet-width=\"\" data-mobile-width=\"\"> <label for=\"form_fields[subject]\" class=\"tpae-form-label\">Konu<\/label><input type=\"text\" name=\"subject\" id=\"subject\" placeholder=\"Ba\u015fl\u0131\u011f\u0131n\u0131z\"  class=\"medium\" value=\"\" aria-description=\"\"\/><span class=\"tpae-help-text\"><\/span><\/div><div class=\"tpae-form-field\" data-width=\"\" data-tablet-width=\"\" data-mobile-width=\"\"> <label for=\"form_fields[message]\" class=\"tpae-form-label\">Mesaj\u0131n\u0131z<\/label><textarea name=\"message\" rows=\"6\" id=\"message\" placeholder=\"Mesaj\u0131n\u0131z..\"  class=\"medium\"aria-description=\"\"><\/textarea><\/div><div class=\"tpae-form-submit-container\"><button id=\"tpae-form-button\" type=\"submit\" class=\"tpae-form-submit tpae-form-button tpae-icon-after\"><span class=\"tpae-button-text\">G\u00d6NDER  <\/span><span class=\"tpae-button-loader\" style=\"display:none;\"><span class=\"tpae-spinner\"><\/span><\/span><\/button><\/div><\/form><\/div>\t\t\t\t<\/div>\n\t\t\t\t<\/div>\n\t\t\t\t<\/div>\n\t\t<div class=\"elementor-element elementor-element-30ab90ee e-con-full e-flex e-con e-child\" data-id=\"30ab90ee\" data-element_type=\"container\" data-e-type=\"container\">\n\t\t<div class=\"elementor-element elementor-element-26ffde1f e-con-full e-flex e-con e-child\" data-id=\"26ffde1f\" data-element_type=\"container\" data-e-type=\"container\" data-settings=\"{&quot;background_background&quot;:&quot;classic&quot;}\">\n\t\t\t\t<div class=\"elementor-element elementor-element-4bd773c2 elementor-widget elementor-widget-heading\" data-id=\"4bd773c2\" data-element_type=\"widget\" data-e-type=\"widget\" data-widget_type=\"heading.default\">\n\t\t\t\t\t<h2 class=\"elementor-heading-title elementor-size-default\">\u0130leti\u015fim Bilgileri<\/h2>\t\t\t\t<\/div>\n\t\t\t\t<div class=\"elementor-element elementor-element-34c5aa32 elementor-icon-list--layout-traditional elementor-list-item-link-full_width elementor-widget elementor-widget-icon-list\" data-id=\"34c5aa32\" data-element_type=\"widget\" data-e-type=\"widget\" data-widget_type=\"icon-list.default\">\n\t\t\t\t\t\t\t<ul class=\"elementor-icon-list-items\">\n\t\t\t\t\t\t\t<li class=\"elementor-icon-list-item\">\n\t\t\t\t\t\t\t\t\t\t\t<span class=\"elementor-icon-list-icon\">\n\t\t\t\t\t\t\t<i aria-hidden=\"true\" class=\"jki jki-phone-solid\"><\/i>\t\t\t\t\t\t<\/span>\n\t\t\t\t\t\t\t\t\t\t<span class=\"elementor-icon-list-text\">+90 532 690 64 83<\/span>\n\t\t\t\t\t\t\t\t\t<\/li>\n\t\t\t\t\t\t\t\t<li class=\"elementor-icon-list-item\">\n\t\t\t\t\t\t\t\t\t\t\t<a href=\"#\">\n\n\t\t\t\t\t\t\t\t\t\t\t\t<span class=\"elementor-icon-list-icon\">\n\t\t\t\t\t\t\t<i aria-hidden=\"true\" class=\"jki jki-map-pin-line\"><\/i>\t\t\t\t\t\t<\/span>\n\t\t\t\t\t\t\t\t\t\t<span class=\"elementor-icon-list-text\">O\u011flananas\u0131 Atat\u00fcrk Mah. 7040 Sk. No:6<br> \u0130\u00e7 Kap\u0131 No:1  Menderes - \u0130Z\"M\u0130R<\/span>\n\t\t\t\t\t\t\t\t\t\t\t<\/a>\n\t\t\t\t\t\t\t\t\t<\/li>\n\t\t\t\t\t\t\t\t<li class=\"elementor-icon-list-item\">\n\t\t\t\t\t\t\t\t\t\t\t<span class=\"elementor-icon-list-icon\">\n\t\t\t\t\t\t\t<i aria-hidden=\"true\" class=\"jki jki-envelope-solid\"><\/i>\t\t\t\t\t\t<\/span>\n\t\t\t\t\t\t\t\t\t\t<span class=\"elementor-icon-list-text\">info@metamerdiven.com<\/span>\n\t\t\t\t\t\t\t\t\t<\/li>\n\t\t\t\t\t\t<\/ul>\n\t\t\t\t\t\t<\/div>\n\t\t\t\t<\/div>\n\t\t\t\t<\/div>\n\t\t\t\t\t<\/div>\n\t\t\t\t<\/div>\n\t\t<div class=\"elementor-element elementor-element-1ea5d9e1 e-con-full e-flex e-con e-parent\" data-id=\"1ea5d9e1\" data-element_type=\"container\" data-e-type=\"container\">\n\t\t\t\t<div class=\"elementor-element elementor-element-fef404c elementor-widget elementor-widget-google_maps\" data-id=\"fef404c\" data-element_type=\"widget\" data-e-type=\"widget\" data-widget_type=\"google_maps.default\">\n\t\t\t\t\t\t\t<div class=\"elementor-custom-embed\">\n\t\t\t<iframe loading=\"lazy\"\n\t\t\t\t\tsrc=\"https:\/\/maps.google.com\/maps?q=META%20Concept&#038;t=m&#038;z=13&#038;output=embed&#038;iwloc=near\"\n\t\t\t\t\ttitle=\"META Concept\"\n\t\t\t\t\taria-label=\"META Concept\"\n\t\t\t><\/iframe>\n\t\t<\/div>\n\t\t\t\t\t\t<\/div>\n\t\t\t\t<\/div>\n\t\t\t\t<\/div>\n\t\t","protected":false},"excerpt":{"rendered":"<p>\u0130leti\u015fim Anasayfa \u0130leti\u015fime ge\u00e7 Sizin i\u00e7in buraday\u0131z. Ad\u0131n\u0131z E-Posta * Konu Mesaj\u0131n\u0131zG\u00d6NDER \u0130leti\u015fim Bilgileri +90 532 690 64 83 O\u011flananas\u0131 Atat\u00fcrk Mah. 7040 Sk. No:6 \u0130\u00e7 Kap\u0131 No:1 Menderes &#8211; \u0130Z&#8221;M\u0130R info@metamerdiven.com<\/p>\n","protected":false},"author":1,"featured_media":0,"parent":0,"menu_order":0,"comment_status":"closed","ping_status":"closed","template":"elementor_header_footer","meta":{"footnotes":""},"class_list":["post-123","page","type-page","status-publish","hentry"],"_links":{"self":[{"href":"https:\/\/demomedyaajansi.com.tr\/metaconcept\/wp-json\/wp\/v2\/pages\/123","targetHints":{"allow":["GET"]}}],"collection":[{"href":"https:\/\/demomedyaajansi.com.tr\/metaconcept\/wp-json\/wp\/v2\/pages"}],"about":[{"href":"https:\/\/demomedyaajansi.com.tr\/metaconcept\/wp-json\/wp\/v2\/types\/page"}],"author":[{"embeddable":true,"href":"https:\/\/demomedyaajansi.com.tr\/metaconcept\/wp-json\/wp\/v2\/users\/1"}],"replies":[{"embeddable":true,"href":"https:\/\/demomedyaajansi.com.tr\/metaconcept\/wp-json\/wp\/v2\/comments?post=123"}],"version-history":[{"count":21,"href":"https:\/\/demomedyaajansi.com.tr\/metaconcept\/wp-json\/wp\/v2\/pages\/123\/revisions"}],"predecessor-version":[{"id":709,"href":"https:\/\/demomedyaajansi.com.tr\/metaconcept\/wp-json\/wp\/v2\/pages\/123\/revisions\/709"}],"wp:attachment":[{"href":"https:\/\/demomedyaajansi.com.tr\/metaconcept\/wp-json\/wp\/v2\/media?parent=123"}],"curies":[{"name":"wp","href":"https:\/\/api.w.org\/{rel}","templated":true}]}}