{"id":7019,"date":"2023-10-06T04:13:39","date_gmt":"2023-10-06T04:13:39","guid":{"rendered":"https:\/\/miniture.novaworks.net\/?page_id=15"},"modified":"2026-02-23T15:15:05","modified_gmt":"2026-02-23T15:15:05","slug":"hakkimizda","status":"publish","type":"page","link":"https:\/\/demomedyaajansi.com.tr\/burof\/hakkimizda\/","title":{"rendered":"Hakk\u0131m\u0131zda"},"content":{"rendered":"\t\t<div data-elementor-type=\"wp-page\" data-elementor-id=\"7019\" class=\"elementor elementor-7019\">\n\t\t\t\t<div class=\"elementor-element elementor-element-40ec82a e-flex e-con-boxed kitify-col-width-auto-no ignore-docs-style-no kitify-disable-relative-no e-root-container elementor-top-section e-con e-parent\" data-id=\"40ec82a\" data-element_type=\"container\" data-e-type=\"container\">\n\t\t\t\t\t<div class=\"e-con-inner\">\n\t\t\t\t<div class=\"elementor-element elementor-element-eb8bd4d elementor-widget__width-initial elementor-invisible kitify-has-entrance-animation elementor-widget elementor-widget-heading\" data-id=\"eb8bd4d\" data-element_type=\"widget\" data-e-type=\"widget\" data-settings=\"{&quot;_animation&quot;:&quot;kitifyShortFadeInUp&quot;}\" data-widget_type=\"heading.default\">\n\t\t\t\t\t<h2 class=\"elementor-heading-title elementor-size-default\">Hakk\u0131m\u0131zda<\/h2>\t\t\t\t<\/div>\n\t\t\t\t\t<\/div>\n\t\t\t\t<\/div>\n\t\t<div class=\"elementor-element elementor-element-9b6030b e-flex e-con-boxed kitify-col-width-auto-no ignore-docs-style-no kitify-disable-relative-no elementor-invisible e-root-container elementor-top-section kitify-has-entrance-animation e-con e-parent\" data-id=\"9b6030b\" data-element_type=\"container\" data-e-type=\"container\" data-settings=\"{&quot;animation&quot;:&quot;kitifyShortFadeInUp&quot;}\">\n\t\t\t\t\t<div class=\"e-con-inner\">\n\t\t<div class=\"elementor-element elementor-element-d5f6798 e-con-full e-flex kitify-col-width-auto-no ignore-docs-style-no kitify-disable-relative-no e-con e-child\" data-id=\"d5f6798\" data-element_type=\"container\" data-e-type=\"container\">\n\t\t\t\t<div class=\"elementor-element elementor-element-cd586e7 elementor-widget elementor-widget-heading\" data-id=\"cd586e7\" data-element_type=\"widget\" data-e-type=\"widget\" data-widget_type=\"heading.default\">\n\t\t\t\t\t<h3 class=\"elementor-heading-title elementor-size-default\">Misyonumuz<\/h3>\t\t\t\t<\/div>\n\t\t\t\t<\/div>\n\t\t<div class=\"elementor-element elementor-element-25d51ad e-con-full e-flex kitify-col-width-auto-no ignore-docs-style-no kitify-disable-relative-no e-con e-child\" data-id=\"25d51ad\" data-element_type=\"container\" data-e-type=\"container\">\n\t\t\t\t<div class=\"elementor-element elementor-element-d03a395 elementor-widget elementor-widget-heading\" data-id=\"d03a395\" data-element_type=\"widget\" data-e-type=\"widget\" data-widget_type=\"heading.default\">\n\t\t\t\t\t<p class=\"elementor-heading-title elementor-size-default\">BUROF olarak kuruldu\u011fumuz g\u00fcnden bu yana, i\u00e7inde bulundu\u011fumuz sekt\u00f6r\u00fc yak\u0131ndan takip ediyor; inovasyon ve giri\u015fimcili\u011fi en b\u00fcy\u00fck \u00f6nceli\u011fimiz olarak g\u00f6r\u00fcyoruz. Sahip oldu\u011fumuz teknik altyap\u0131, derin bilgi birikimi ve y\u00fcksek kalite standartlar\u0131m\u0131zla, b\u00f6lgemizde sekt\u00f6r\u00fcn \u00f6nc\u00fc ve tercih edilen ismi olmay\u0131 ba\u015fard\u0131k.\n\nTeknoloji \u00e7a\u011f\u0131n\u0131n t\u00fcm gerekliliklerini yerine getirirken, merkezimize her zaman \"insan\"\u0131 koyuyoruz. M\u00fc\u015fterilerimizin ihtiya\u00e7lar\u0131n\u0131 kar\u015f\u0131larken g\u00fcler y\u00fczl\u00fc hizmet, mesleki tecr\u00fcbe ve i\u015f eti\u011fi ilkelerinden asla \u00f6d\u00fcn vermiyoruz. H\u0131zl\u0131 ve kaliteli hizmet anlay\u0131\u015f\u0131m\u0131z\u0131 hem bireysel hem de kurumsal m\u00fc\u015fterilerimize ayn\u0131 titizlikle sunuyor; tecr\u00fcbelerimizi payla\u015farak daha g\u00fczel bir gelecek in\u015fa edilebilece\u011fine inan\u0131yoruz.<\/p>\t\t\t\t<\/div>\n\t\t\t\t<\/div>\n\t\t\t\t\t<\/div>\n\t\t\t\t<\/div>\n\t\t<div class=\"elementor-element elementor-element-326fe39 e-flex e-con-boxed kitify-col-width-auto-no ignore-docs-style-no kitify-disable-relative-no elementor-invisible e-root-container elementor-top-section kitify-has-entrance-animation e-con e-parent\" data-id=\"326fe39\" data-element_type=\"container\" data-e-type=\"container\" data-settings=\"{&quot;animation&quot;:&quot;kitifyShortFadeInUp&quot;}\">\n\t\t\t\t\t<div class=\"e-con-inner\">\n\t\t<div class=\"elementor-element elementor-element-d5ca379 e-con-full e-flex kitify-col-width-auto-no ignore-docs-style-no kitify-disable-relative-no e-con e-child\" data-id=\"d5ca379\" data-element_type=\"container\" data-e-type=\"container\">\n\t\t\t\t<div class=\"elementor-element elementor-element-1431a5e elementor-widget elementor-widget-heading\" data-id=\"1431a5e\" data-element_type=\"widget\" data-e-type=\"widget\" data-widget_type=\"heading.default\">\n\t\t\t\t\t<h3 class=\"elementor-heading-title elementor-size-default\">Vizyonumuz<\/h3>\t\t\t\t<\/div>\n\t\t\t\t<\/div>\n\t\t<div class=\"elementor-element elementor-element-1bcf31b e-con-full e-flex kitify-col-width-auto-no ignore-docs-style-no kitify-disable-relative-no e-con e-child\" data-id=\"1bcf31b\" data-element_type=\"container\" data-e-type=\"container\">\n\t\t\t\t<div class=\"elementor-element elementor-element-02fbde1 elementor-widget elementor-widget-heading\" data-id=\"02fbde1\" data-element_type=\"widget\" data-e-type=\"widget\" data-widget_type=\"heading.default\">\n\t\t\t\t\t<p class=\"elementor-heading-title elementor-size-default\">Ofis koltuklar\u0131 ve oturma gruplar\u0131 sekt\u00f6r\u00fcndeki geli\u015fmeleri kuruldu\u011fumuz ilk g\u00fcnden beri yak\u0131ndan izleyerek kendimizi s\u00fcrekli yeniliyoruz. Dinamik ruhumuz ve hi\u00e7 bitmeyen heyecan\u0131m\u0131zla, sadece b\u00f6lge genelinde de\u011fil, \u00fclke \u00e7ap\u0131nda kesintisiz bir hizmet sunuyoruz.\n\nTeknik bilgimiz ve deneyimimizle sundu\u011fumuz kaliteyi koruyarak, uluslararas\u0131 arenada y\u00fckselen grafi\u011fimizi s\u00fcrd\u00fcrmeyi ve sekt\u00f6r\u00fcn favori markalar\u0131ndan biri olma konumumuzu g\u00fc\u00e7lendirmeyi hedefliyoruz.<\/p>\t\t\t\t<\/div>\n\t\t\t\t<\/div>\n\t\t\t\t\t<\/div>\n\t\t\t\t<\/div>\n\t\t<div class=\"elementor-element elementor-element-6bc0549 e-flex e-con-boxed kitify-col-width-auto-no ignore-docs-style-no kitify-disable-relative-no elementor-invisible e-root-container elementor-top-section kitify-has-entrance-animation e-con e-parent\" data-id=\"6bc0549\" data-element_type=\"container\" data-e-type=\"container\" data-settings=\"{&quot;animation&quot;:&quot;kitifyShortFadeInUp&quot;}\">\n\t\t\t\t\t<div class=\"e-con-inner\">\n\t\t<div class=\"elementor-element elementor-element-7ca89e0 e-con-full e-flex kitify-col-width-auto-no ignore-docs-style-no kitify-disable-relative-no e-con e-child\" data-id=\"7ca89e0\" data-element_type=\"container\" data-e-type=\"container\">\n\t\t\t\t<div class=\"elementor-element elementor-element-b750374 elementor-widget elementor-widget-heading\" data-id=\"b750374\" data-element_type=\"widget\" data-e-type=\"widget\" data-widget_type=\"heading.default\">\n\t\t\t\t\t<h3 class=\"elementor-heading-title elementor-size-default\">B\u00fcy\u00fcme ve Geni\u015fleme<\/h3>\t\t\t\t<\/div>\n\t\t\t\t<\/div>\n\t\t<div class=\"elementor-element elementor-element-5b94c72 e-con-full e-flex kitify-col-width-auto-no ignore-docs-style-no kitify-disable-relative-no e-con e-child\" data-id=\"5b94c72\" data-element_type=\"container\" data-e-type=\"container\">\n\t\t\t\t<div class=\"elementor-element elementor-element-f23d663 elementor-widget elementor-widget-heading\" data-id=\"f23d663\" data-element_type=\"widget\" data-e-type=\"widget\" data-widget_type=\"heading.default\">\n\t\t\t\t\t<p class=\"elementor-heading-title elementor-size-default\">Kalite, ustal\u0131k ve \u00f6zg\u00fcn tasar\u0131mlar konusundaki itibar\u0131m\u0131z artt\u0131k\u00e7a, i\u015fimiz de ayn\u0131 h\u0131zla b\u00fcy\u00fcd\u00fc. M\u00fc\u015fterilerimizin mobilyalar\u0131m\u0131z\u0131 do\u011frudan deneyimleyebilecekleri bir showroom a\u00e7arak operasyonlar\u0131m\u0131z\u0131 geni\u015flettik. Bu b\u00fcy\u00fcme hamlesi, m\u00fc\u015fterilerimizle daha ki\u015fisel bir ba\u011f kurmam\u0131za ve mobilyalar\u0131m\u0131z\u0131n sundu\u011fu geni\u015f imkanlar\u0131 sergilememize olanak tan\u0131d\u0131.<\/p>\t\t\t\t<\/div>\n\t\t\t\t<\/div>\n\t\t\t\t\t<\/div>\n\t\t\t\t<\/div>\n\t\t<div class=\"elementor-element elementor-element-a7f0400 e-flex e-con-boxed kitify-col-width-auto-no ignore-docs-style-no kitify-disable-relative-no elementor-invisible e-root-container elementor-top-section kitify-has-entrance-animation e-con e-parent\" data-id=\"a7f0400\" data-element_type=\"container\" data-e-type=\"container\" data-settings=\"{&quot;animation&quot;:&quot;kitifyShortFadeInUp&quot;}\">\n\t\t\t\t\t<div class=\"e-con-inner\">\n\t\t<div class=\"elementor-element elementor-element-aaeb36b e-con-full e-flex kitify-col-width-auto-no ignore-docs-style-no kitify-disable-relative-no e-con e-child\" data-id=\"aaeb36b\" data-element_type=\"container\" data-e-type=\"container\">\n\t\t\t\t<div class=\"elementor-element elementor-element-9666293 elementor-widget elementor-widget-heading\" data-id=\"9666293\" data-element_type=\"widget\" data-e-type=\"widget\" data-widget_type=\"heading.default\">\n\t\t\t\t\t<h3 class=\"elementor-heading-title elementor-size-default\">\u0130novasyon ve Ki\u015fiselle\u015ftirme<\/h3>\t\t\t\t<\/div>\n\t\t\t\t<\/div>\n\t\t<div class=\"elementor-element elementor-element-7b17e48 e-con-full e-flex kitify-col-width-auto-no ignore-docs-style-no kitify-disable-relative-no e-con e-child\" data-id=\"7b17e48\" data-element_type=\"container\" data-e-type=\"container\">\n\t\t\t\t<div class=\"elementor-element elementor-element-f0c27c3 elementor-widget elementor-widget-heading\" data-id=\"f0c27c3\" data-element_type=\"widget\" data-e-type=\"widget\" data-widget_type=\"heading.default\">\n\t\t\t\t\t<p class=\"elementor-heading-title elementor-size-default\">2022 y\u0131l\u0131nda, tasar\u0131m ve \u00fcretim s\u00fcre\u00e7lerimizde teknoloji ile inovasyonu benimseyerek b\u00fcy\u00fck bir ad\u0131m att\u0131k. Bu de\u011fi\u015fim sayesinde m\u00fc\u015fterilerimize \u00e7ok daha geni\u015f bir ki\u015fiselle\u015ftirme yelpazesi sunmaya ba\u015flad\u0131k. \u0130ster farkl\u0131 y\u00fczey kaplamalar\u0131 ve kuma\u015f se\u00e7imleri olsun, ister \u00f6zel \u00f6l\u00e7\u00fcler; her bir par\u00e7an\u0131n, sahibinin benzersiz stilini ve karakterini yans\u0131tmas\u0131n\u0131 hedefledik.<\/p>\t\t\t\t<\/div>\n\t\t\t\t<\/div>\n\t\t\t\t\t<\/div>\n\t\t\t\t<\/div>\n\t\t\t\t<\/div>\n\t\t","protected":false},"excerpt":{"rendered":"<p>Hakk\u0131m\u0131zda Misyonumuz BUROF olarak kuruldu\u011fumuz g\u00fcnden bu yana, i\u00e7inde bulundu\u011fumuz sekt\u00f6r\u00fc yak\u0131ndan takip ediyor; inovasyon ve giri\u015fimcili\u011fi en b\u00fcy\u00fck \u00f6nceli\u011fimiz olarak g\u00f6r\u00fcyoruz. Sahip oldu\u011fumuz teknik altyap\u0131, derin bilgi birikimi ve y\u00fcksek kalite standartlar\u0131m\u0131zla, b\u00f6lgemizde sekt\u00f6r\u00fcn \u00f6nc\u00fc ve tercih edilen ismi olmay\u0131 ba\u015fard\u0131k. Teknoloji \u00e7a\u011f\u0131n\u0131n t\u00fcm gerekliliklerini yerine getirirken, merkezimize her zaman &#8220;insan&#8221;\u0131 koyuyoruz. M\u00fc\u015fterilerimizin ihtiya\u00e7lar\u0131n\u0131 kar\u015f\u0131larken g\u00fcler y\u00fczl\u00fc hizmet, mesleki\u2026<\/p>\n","protected":false},"author":1,"featured_media":0,"parent":0,"menu_order":0,"comment_status":"closed","ping_status":"closed","template":"","meta":{"footnotes":""},"class_list":["post-7019","page","type-page","status-publish","hentry"],"_links":{"self":[{"href":"https:\/\/demomedyaajansi.com.tr\/burof\/wp-json\/wp\/v2\/pages\/7019","targetHints":{"allow":["GET"]}}],"collection":[{"href":"https:\/\/demomedyaajansi.com.tr\/burof\/wp-json\/wp\/v2\/pages"}],"about":[{"href":"https:\/\/demomedyaajansi.com.tr\/burof\/wp-json\/wp\/v2\/types\/page"}],"author":[{"embeddable":true,"href":"https:\/\/demomedyaajansi.com.tr\/burof\/wp-json\/wp\/v2\/users\/1"}],"replies":[{"embeddable":true,"href":"https:\/\/demomedyaajansi.com.tr\/burof\/wp-json\/wp\/v2\/comments?post=7019"}],"version-history":[{"count":11,"href":"https:\/\/demomedyaajansi.com.tr\/burof\/wp-json\/wp\/v2\/pages\/7019\/revisions"}],"predecessor-version":[{"id":8041,"href":"https:\/\/demomedyaajansi.com.tr\/burof\/wp-json\/wp\/v2\/pages\/7019\/revisions\/8041"}],"wp:attachment":[{"href":"https:\/\/demomedyaajansi.com.tr\/burof\/wp-json\/wp\/v2\/media?parent=7019"}],"curies":[{"name":"wp","href":"https:\/\/api.w.org\/{rel}","templated":true}]}}