{"id":7017,"date":"2023-10-06T04:13:39","date_gmt":"2023-10-06T04:13:39","guid":{"rendered":"https:\/\/miniture.novaworks.net\/?page_id=14"},"modified":"2026-02-25T10:17:28","modified_gmt":"2026-02-25T10:17:28","slug":"iletisim","status":"publish","type":"page","link":"https:\/\/demomedyaajansi.com.tr\/burof\/iletisim\/","title":{"rendered":"\u0130leti\u015fim"},"content":{"rendered":"\t\t<div data-elementor-type=\"wp-page\" data-elementor-id=\"7017\" class=\"elementor elementor-7017\">\n\t\t\t\t<div class=\"elementor-element elementor-element-e3a3cbf e-flex e-con-boxed kitify-col-width-auto-no ignore-docs-style-no kitify-disable-relative-no e-root-container elementor-top-section e-con e-parent\" data-id=\"e3a3cbf\" data-element_type=\"container\" data-e-type=\"container\">\n\t\t\t\t\t<div class=\"e-con-inner\">\n\t\t\t\t<div class=\"elementor-element elementor-element-ea6bbc9 elementor-invisible kitify-has-entrance-animation elementor-widget elementor-widget-heading\" data-id=\"ea6bbc9\" data-element_type=\"widget\" data-e-type=\"widget\" data-settings=\"{&quot;_animation&quot;:&quot;kitifyShortFadeInUp&quot;}\" data-widget_type=\"heading.default\">\n\t\t\t\t\t<h2 class=\"elementor-heading-title elementor-size-default\">Sizi Bekliyoruz<\/h2>\t\t\t\t<\/div>\n\t\t\t\t\t<\/div>\n\t\t\t\t<\/div>\n\t\t<div class=\"elementor-element elementor-element-1967021 e-flex e-con-boxed kitify-col-width-auto-no ignore-docs-style-no kitify-disable-relative-no e-root-container elementor-top-section e-con e-parent\" data-id=\"1967021\" data-element_type=\"container\" data-e-type=\"container\">\n\t\t\t\t\t<div class=\"e-con-inner\">\n\t\t<div class=\"elementor-element elementor-element-632855a e-con-full e-flex kitify-col-width-auto-no ignore-docs-style-no kitify-disable-relative-no elementor-invisible kitify-has-entrance-animation e-con e-child\" data-id=\"632855a\" data-element_type=\"container\" data-e-type=\"container\" data-settings=\"{&quot;background_background&quot;:&quot;classic&quot;,&quot;animation&quot;:&quot;kitifyShortFadeInUp&quot;}\">\n\t\t\t\t<div class=\"elementor-element elementor-element-6538334 elementor-widget elementor-widget-google_maps\" data-id=\"6538334\" data-element_type=\"widget\" data-e-type=\"widget\" data-widget_type=\"google_maps.default\">\n\t\t\t\t\t\t\t<div class=\"elementor-custom-embed\">\n\t\t\t<iframe loading=\"lazy\"\n\t\t\t\t\tsrc=\"https:\/\/maps.google.com\/maps?q=B%C3%BCrof%20B%C3%BCro%20%26%20Ofis%20Koltuklar%C4%B1&#038;t=m&#038;z=13&#038;output=embed&#038;iwloc=near\"\n\t\t\t\t\ttitle=\"B\u00fcrof B\u00fcro &amp; Ofis Koltuklar\u0131\"\n\t\t\t\t\taria-label=\"B\u00fcrof B\u00fcro &amp; Ofis Koltuklar\u0131\"\n\t\t\t><\/iframe>\n\t\t<\/div>\n\t\t\t\t\t\t<\/div>\n\t\t\t\t<\/div>\n\t\t<div class=\"elementor-element elementor-element-61b9923 e-con-full e-flex kitify-col-width-auto-no ignore-docs-style-no kitify-disable-relative-no e-con e-child\" data-id=\"61b9923\" data-element_type=\"container\" data-e-type=\"container\">\n\t\t\t\t<div class=\"elementor-element elementor-element-a338c94 elementor-invisible kitify-has-entrance-animation elementor-widget elementor-widget-heading\" data-id=\"a338c94\" data-element_type=\"widget\" data-e-type=\"widget\" data-settings=\"{&quot;_animation&quot;:&quot;kitifyShortFadeInUp&quot;,&quot;_animation_delay&quot;:400}\" data-widget_type=\"heading.default\">\n\t\t\t\t\t<h2 class=\"elementor-heading-title elementor-size-default\">Ma\u011fazam\u0131z<\/h2>\t\t\t\t<\/div>\n\t\t<div class=\"elementor-element elementor-element-c40bbc7 e-con-full e-flex kitify-col-width-auto-no ignore-docs-style-no kitify-disable-relative-no elementor-invisible kitify-has-entrance-animation e-con e-child\" data-id=\"c40bbc7\" data-element_type=\"container\" data-e-type=\"container\" data-settings=\"{&quot;animation&quot;:&quot;kitifyShortFadeInUp&quot;,&quot;animation_delay&quot;:600}\">\n\t\t<div class=\"elementor-element elementor-element-a23db53 e-con-full e-flex kitify-col-width-auto-no ignore-docs-style-no kitify-disable-relative-no e-con e-child\" data-id=\"a23db53\" data-element_type=\"container\" data-e-type=\"container\">\n\t\t\t\t<div class=\"elementor-element elementor-element-2974138 elementor-widget elementor-widget-heading\" data-id=\"2974138\" data-element_type=\"widget\" data-e-type=\"widget\" data-widget_type=\"heading.default\">\n\t\t\t\t\t<h4 class=\"elementor-heading-title elementor-size-default\">Ma\u011faza<\/h4>\t\t\t\t<\/div>\n\t\t\t\t<div class=\"elementor-element elementor-element-c563de9 elementor-widget elementor-widget-text-editor\" data-id=\"c563de9\" data-element_type=\"widget\" data-e-type=\"widget\" data-widget_type=\"text-editor.default\">\n\t\t\t\t\t\t\t\t\t<p>Seyhan, 652\/5. Sk. No:12,\u00a0 Karaba\u011flar\/\u0130zmir<br \/>0232 253 63 68<\/p>\t\t\t\t\t\t\t\t<\/div>\n\t\t\t\t<\/div>\n\t\t\t\t<\/div>\n\t\t\t\t<\/div>\n\t\t\t\t\t<\/div>\n\t\t\t\t<\/div>\n\t\t\t\t<\/div>\n\t\t","protected":false},"excerpt":{"rendered":"<p>Sizi Bekliyoruz Ma\u011fazam\u0131z Ma\u011faza Seyhan, 652\/5. Sk. No:12,\u00a0 Karaba\u011flar\/\u0130zmir0232 253 63 68<\/p>\n","protected":false},"author":1,"featured_media":0,"parent":0,"menu_order":0,"comment_status":"closed","ping_status":"closed","template":"","meta":{"footnotes":""},"class_list":["post-7017","page","type-page","status-publish","hentry"],"_links":{"self":[{"href":"https:\/\/demomedyaajansi.com.tr\/burof\/wp-json\/wp\/v2\/pages\/7017","targetHints":{"allow":["GET"]}}],"collection":[{"href":"https:\/\/demomedyaajansi.com.tr\/burof\/wp-json\/wp\/v2\/pages"}],"about":[{"href":"https:\/\/demomedyaajansi.com.tr\/burof\/wp-json\/wp\/v2\/types\/page"}],"author":[{"embeddable":true,"href":"https:\/\/demomedyaajansi.com.tr\/burof\/wp-json\/wp\/v2\/users\/1"}],"replies":[{"embeddable":true,"href":"https:\/\/demomedyaajansi.com.tr\/burof\/wp-json\/wp\/v2\/comments?post=7017"}],"version-history":[{"count":20,"href":"https:\/\/demomedyaajansi.com.tr\/burof\/wp-json\/wp\/v2\/pages\/7017\/revisions"}],"predecessor-version":[{"id":8071,"href":"https:\/\/demomedyaajansi.com.tr\/burof\/wp-json\/wp\/v2\/pages\/7017\/revisions\/8071"}],"wp:attachment":[{"href":"https:\/\/demomedyaajansi.com.tr\/burof\/wp-json\/wp\/v2\/media?parent=7017"}],"curies":[{"name":"wp","href":"https:\/\/api.w.org\/{rel}","templated":true}]}}